{"id":239032,"date":"2023-01-10T16:41:13","date_gmt":"2023-01-10T16:41:13","guid":{"rendered":"https:\/\/sanchezlawyers.com\/equipo\/"},"modified":"2024-11-07T16:07:52","modified_gmt":"2024-11-07T16:07:52","slug":"equipo","status":"publish","type":"page","link":"https:\/\/sanchezlawyers.com\/en\/equipo\/","title":{"rendered":"Meet The Team"},"content":{"rendered":"<p>[et_pb_section fb_built=&#8221;1&#8243; _builder_version=&#8221;4.26.0&#8243; _module_preset=&#8221;default&#8221; use_background_color_gradient=&#8221;on&#8221; background_color_gradient_direction=&#8221;40deg&#8221; background_color_gradient_stops=&#8221;rgba(64,64,64,0.45) 31%|rgba(24,26,63,0.6) 52%&#8221; background_color_gradient_overlays_image=&#8221;on&#8221; background_image=&#8221;https:\/\/sanchezlawyers.com\/wp-content\/uploads\/2024\/07\/titlebar.jpg&#8221; background_last_edited=&#8221;on|desktop&#8221; use_background_color_gradient_tablet=&#8221;on&#8221; use_background_color_gradient_phone=&#8221;on&#8221; background_color_gradient_direction_tablet=&#8221;55deg&#8221; background_color_gradient_direction_phone=&#8221;65deg&#8221; background_color_gradient_stops_tablet=&#8221;rgba(64,64,64,0.45) 40%|rgba(24,26,63,0.6) 60%&#8221; background_color_gradient_stops_phone=&#8221;rgba(64,64,64,0.45) 45%|rgba(24,26,63,0.6) 70%&#8221; locked=&#8221;off&#8221; global_colors_info=&#8221;{}&#8221;][et_pb_row column_structure=&#8221;3_5,2_5&#8243; _builder_version=&#8221;4.18.0&#8243; _module_preset=&#8221;default&#8221; global_colors_info=&#8221;{}&#8221;][et_pb_column type=&#8221;3_5&#8243; _builder_version=&#8221;4.18.0&#8243; _module_preset=&#8221;default&#8221; global_colors_info=&#8221;{}&#8221;][et_pb_text admin_label=&#8221;titlebar&#8221; _builder_version=&#8221;4.21.0&#8243; _module_preset=&#8221;default&#8221; header_font=&#8221;|700|||||||&#8221; header_font_size=&#8221;50px&#8221; header_letter_spacing=&#8221;1px&#8221; header_line_height=&#8221;1.3em&#8221; background_color=&#8221;rgba(255,255,255,0.1)&#8221; background_layout=&#8221;dark&#8221; custom_padding=&#8221;60px|30px|60px|30px|true|true&#8221; animation_style=&#8221;flip&#8221; animation_duration=&#8221;1500ms&#8221; animation_starting_opacity=&#8221;25%&#8221; header_font_size_tablet=&#8221;45px&#8221; header_font_size_phone=&#8221;35px&#8221; header_font_size_last_edited=&#8221;on|phone&#8221; header_text_shadow_style=&#8221;preset3&#8243; box_shadow_style=&#8221;preset3&#8243; box_shadow_horizontal=&#8221;30px&#8221; box_shadow_vertical=&#8221;50px&#8221; box_shadow_blur=&#8221;120px&#8221; global_colors_info=&#8221;{}&#8221;]<\/p>\n<h1>Meet The Team<\/h1>\n<p>[\/et_pb_text][\/et_pb_column][et_pb_column type=&#8221;2_5&#8243; _builder_version=&#8221;4.18.0&#8243; _module_preset=&#8221;default&#8221; global_colors_info=&#8221;{}&#8221;][\/et_pb_column][\/et_pb_row][\/et_pb_section][et_pb_section fb_built=&#8221;1&#8243; _builder_version=&#8221;4.19.4&#8243; _module_preset=&#8221;default&#8221; width=&#8221;100%&#8221; global_colors_info=&#8221;{}&#8221;][et_pb_row disabled_on=&#8221;on|on|on&#8221; admin_label=&#8221;row&#8221; _builder_version=&#8221;4.27.2&#8243; background_size=&#8221;initial&#8221; background_position=&#8221;top_left&#8221; background_repeat=&#8221;repeat&#8221; disabled=&#8221;on&#8221; locked=&#8221;off&#8221; global_colors_info=&#8221;{}&#8221;][et_pb_column type=&#8221;4_4&#8243; _builder_version=&#8221;4.16&#8243; custom_padding=&#8221;|||&#8221; global_colors_info=&#8221;{}&#8221; custom_padding__hover=&#8221;|||&#8221;][et_pb_text admin_label=&#8221;anuncio\/blockquote&#8221; _builder_version=&#8221;4.27.2&#8243; _module_preset=&#8221;default&#8221; header_2_line_height=&#8221;1.3em&#8221; header_3_line_height=&#8221;1.3em&#8221; header_4_line_height=&#8221;1.3em&#8221; header_5_line_height=&#8221;1.3em&#8221; text_orientation=&#8221;center&#8221; global_colors_info=&#8221;{}&#8221;]<\/p>\n<blockquote>\n<h3><strong>S\u00c1NCHEZ LAWYERS ABOGADOS \u0410\u0414\u0412\u041e\u041a\u0410\u0422\u042b<\/strong>:<\/h3>\n<h4>Equipo de profesionales especializados, con una larga y exitosa carrera profesional al servicio de las necesidades concretas de cada cliente.<\/h4>\n<\/blockquote>\n<p>[\/et_pb_text][\/et_pb_column][\/et_pb_row][et_pb_row column_structure=&#8221;1_2,1_2&#8243; _builder_version=&#8221;4.27.0&#8243; _module_preset=&#8221;default&#8221; global_colors_info=&#8221;{}&#8221;][et_pb_column type=&#8221;1_2&#8243; _builder_version=&#8221;4.27.0&#8243; _module_preset=&#8221;default&#8221; global_colors_info=&#8221;{}&#8221;][et_pb_team_member name=&#8221;Enrique S\u00e1nchez&#8221; position=&#8221;Lawyer&#8221; image_url=&#8221;https:\/\/sanchezlawyers.com\/wp-content\/uploads\/2024\/09\/enrique-sanchez.jpg&#8221; linkedin_url=&#8221;https:\/\/www.linkedin.com\/in\/enrique-s%C3%A1nchez-g%C3%B3mez-9b036014\/&#8221; _builder_version=&#8221;4.27.2&#8243; _module_preset=&#8221;default&#8221; header_font=&#8221;|700|||||||&#8221; header_line_height=&#8221;1.3em&#8221; position_font=&#8221;|600|||||||&#8221; position_font_size=&#8221;15px&#8221; global_colors_info=&#8221;{}&#8221;]<\/p>\n<p><strong><a href=\"mailto:enrique@sanchezlawyers.com\">enrique@sanchezlawyers.com<\/a><\/strong><\/p>\n<p>[\/et_pb_team_member][et_pb_toggle title=&#8221;M\u00e1s informaci\u00f3n&#8221; open_toggle_text_color=&#8221;#333333&#8243; closed_toggle_background_color=&#8221;#9ca5cd&#8221; icon_color=&#8221;#2e2659&#8243; disabled_on=&#8221;on|on|on&#8221; _builder_version=&#8221;4.27.2&#8243; _module_preset=&#8221;default&#8221; title_text_color=&#8221;#FFFFFF&#8221; title_font=&#8221;|600|||||||&#8221; border_width_all=&#8221;3px&#8221; border_color_all=&#8221;#2e2659&#8243; disabled=&#8221;on&#8221; global_colors_info=&#8221;{}&#8221;]<\/p>\n<p>Abogado independiente brit\u00e1nico y espa\u00f1ol que trabaja en el Reino Unido y Espa\u00f1a. Abogado en Espa\u00f1a (lo que equivale a <em>solicitor<\/em> en el Reino Unido) que practica la abogac\u00eda desde sus oficinas tanto en Espa\u00f1a como en el Reino Unido.<\/p>\n<p>Ejerce su profesi\u00f3n como abogado en el Reino Unido y en todo el territorio espa\u00f1ol incluidas Las Islas Canarias y Las Islas Baleares en todos sus Juzgados. Ofrece servicios cualificados y altamente especializados colaborando de forma habitual y estrecha con el prestigioso abogado Pedro J. Padilla.<\/p>\n<p>Asimismo, ofrece el apoyo notarial necesario para evitar que los clientes tengan que desplazarse a Espa\u00f1a en persona o autorizar a un bufete de abogados para la gesti\u00f3n de las cuestiones legales requeridas.<\/p>\n<p>Tambi\u00e9n estoy registrado en la Asociaci\u00f3n de Derecho Ingl\u00e9s y Espa\u00f1ol.<\/p>\n<p>De forma previa ha sido C\u00f3nsul Honorario de Espa\u00f1a en Liverpool desde el 2011, siendo uno de los abogados recomendados por el Consulado General de Espa\u00f1a en Edimburgo y miembro del Ilustre Colegio de Abogados de Granada.<\/p>\n<p>Licenciado en Derecho por la Universidad de Navarra, (Pamplona) Espa\u00f1a en 1998. M\u00e1s tarde obtuvo en 2004 su Master en Urbanismo.<\/p>\n<p>Profesional con una gran experiencia en \u00e1mbitos como litigaci\u00f3n, urbanismo, sector inmobiliario, herencias y derecho comercial, entre otros.<\/p>\n<p>Ha actuado como abogado de la Asociaci\u00f3n de Arquitectos de Andaluc\u00eda durante m\u00e1s de cinco a\u00f1os. Aconsejo tanto a clientes ingleses como a clientes espa\u00f1oles en temas de inversiones, contratos, testamentos y poderes de representaci\u00f3n.<\/p>\n<p>Visita Espa\u00f1a con frecuencia para realizar diversas gestiones legales de parte de sus clientes ingleses y espa\u00f1oles pudiendo representarles ante los juzgados espa\u00f1oles si procede.<\/p>\n<p>Cree firmemente que la confianza es la clave de una buena relaci\u00f3n entre cliente y abogado y se esfuerzo para informar de los avances de cada caso asegurando de esta manera una respuesta r\u00e1pida y efectiva a sus necesidades.<\/p>\n<p>C\u00f3nsul de Espa\u00f1a en Liverpool y actualmente C\u00f3nsul Honorario de Espa\u00f1a en Lituania<\/p>\n<p>[\/et_pb_toggle][\/et_pb_column][et_pb_column type=&#8221;1_2&#8243; _builder_version=&#8221;4.27.0&#8243; _module_preset=&#8221;default&#8221; global_colors_info=&#8221;{}&#8221;][et_pb_team_member name=&#8221;Pedro Jos\u00e9 Padilla&#8221; position=&#8221;Lawyer&#8221; image_url=&#8221;https:\/\/sanchezlawyers.com\/wp-content\/uploads\/2024\/07\/pedro-padilla.jpg&#8221; linkedin_url=&#8221;#&#8221; _builder_version=&#8221;4.27.2&#8243; _module_preset=&#8221;default&#8221; header_font=&#8221;|700|||||||&#8221; header_line_height=&#8221;1.3em&#8221; position_font=&#8221;|600|||||||&#8221; position_font_size=&#8221;15px&#8221; global_colors_info=&#8221;{}&#8221;]<\/p>\n<p><a href=\"mailto:info@sanchezlawyers.com\"><strong>info@sanchezlawyers.com<\/strong><\/a><\/p>\n<p>[\/et_pb_team_member][et_pb_toggle title=&#8221;More information&#8221; open_toggle_text_color=&#8221;#333333&#8243; closed_toggle_background_color=&#8221;#9ca5cd&#8221; icon_color=&#8221;#2e2659&#8243; _builder_version=&#8221;4.27.2&#8243; _module_preset=&#8221;default&#8221; title_text_color=&#8221;#FFFFFF&#8221; title_font=&#8221;|600|||||||&#8221; hover_enabled=&#8221;0&#8243; border_width_all=&#8221;3px&#8221; border_color_all=&#8221;#2e2659&#8243; global_colors_info=&#8221;{}&#8221; sticky_enabled=&#8221;0&#8243;]Barrister with more tan 27 years of Experience. He has won important Court cases for the Firm.[\/et_pb_toggle][\/et_pb_column][\/et_pb_row][et_pb_row column_structure=&#8221;1_2,1_2&#8243; _builder_version=&#8221;4.27.0&#8243; _module_preset=&#8221;default&#8221; global_colors_info=&#8221;{}&#8221;][et_pb_column type=&#8221;1_2&#8243; _builder_version=&#8221;4.27.0&#8243; _module_preset=&#8221;default&#8221; global_colors_info=&#8221;{}&#8221;][et_pb_team_member name=&#8221;Andrey Prokopenkov&#8221; position=&#8221;Jurista&#8221; image_url=&#8221;https:\/\/sanchezlawyers.com\/wp-content\/uploads\/2024\/09\/andrey-prokopenkov.jpg&#8221; linkedin_url=&#8221;http:\/\/www.linkedin.com\/in\/andrey-prokopenkov-serov-04692618a&#8221; _builder_version=&#8221;4.27.2&#8243; _module_preset=&#8221;default&#8221; header_font=&#8221;|700|||||||&#8221; header_line_height=&#8221;1.3em&#8221; position_font=&#8221;|600|||||||&#8221; position_font_size=&#8221;15px&#8221; global_colors_info=&#8221;{}&#8221;]<a href=\"mailto:info@sanchezlawyers.com\"><strong>info@sanchezlawyers.com<\/strong><\/a>[\/et_pb_team_member][et_pb_toggle title=&#8221;More information&#8221; open_toggle_text_color=&#8221;#333333&#8243; closed_toggle_background_color=&#8221;#9ca5cd&#8221; icon_color=&#8221;#2e2659&#8243; _builder_version=&#8221;4.27.2&#8243; _module_preset=&#8221;default&#8221; title_text_color=&#8221;#FFFFFF&#8221; title_font=&#8221;|600|||||||&#8221; hover_enabled=&#8221;0&#8243; border_width_all=&#8221;3px&#8221; border_color_all=&#8221;#2e2659&#8243; global_colors_info=&#8221;{}&#8221; sticky_enabled=&#8221;0&#8243;]Spanish\/Russian. Law Graduated with Experience in Inmigration Law cases, dealings before the Spanish Administration and Insurance companies.[\/et_pb_toggle][\/et_pb_column][et_pb_column type=&#8221;1_2&#8243; _builder_version=&#8221;4.27.0&#8243; _module_preset=&#8221;default&#8221; global_colors_info=&#8221;{}&#8221;][\/et_pb_column][\/et_pb_row][\/et_pb_section][et_pb_section fb_built=&#8221;1&#8243; fullwidth=&#8221;on&#8221; disabled_on=&#8221;on|on|on&#8221; _builder_version=&#8221;4.26.1&#8243; _module_preset=&#8221;default&#8221; background_image=&#8221;https:\/\/sanchezlawyers.com\/wp-content\/uploads\/2024\/07\/banner.jpg&#8221; animation_style=&#8221;zoom&#8221; animation_duration=&#8221;2000ms&#8221; animation_delay=&#8221;500ms&#8221; locked=&#8221;off&#8221; global_colors_info=&#8221;{}&#8221;][et_pb_fullwidth_header title=&#8221;ENRIQUE S\u00c1NCHEZ ABOGADO LAWYER \u0410\u0414\u0412\u041e\u041a\u0410\u0422&#8221; text_orientation=&#8221;center&#8221; button_one_text=&#8221;Cita presencial&#8221; button_one_url=&#8221;https:\/\/sanchezlawyers.com\/contacto\/#presencial&#8221; button_two_text=&#8221;Cita online&#8221; button_two_url=&#8221;https:\/\/sanchezlawyers.com\/contacto\/#online&#8221; background_overlay_color=&#8221;rgba(24,26,63,0.6)&#8221; _builder_version=&#8221;4.27.0&#8243; _module_preset=&#8221;default&#8221; title_level=&#8221;h3&#8243; title_font=&#8221;|700|||||||&#8221; title_font_size=&#8221;32px&#8221; title_line_height=&#8221;1.3em&#8221; content_font_size=&#8221;22px&#8221; content_line_height=&#8221;1.3em&#8221; background_enable_color=&#8221;off&#8221; background_enable_image=&#8221;off&#8221; background_enable_video_mp4=&#8221;off&#8221; custom_button_one=&#8221;on&#8221; button_one_text_size=&#8221;18px&#8221; button_one_text_color=&#8221;#FFFFFF&#8221; button_one_bg_color=&#8221;#2e2659&#8243; button_one_border_color=&#8221;#2e2659&#8243; button_one_font=&#8221;|700||on|||||&#8221; button_one_use_icon=&#8221;off&#8221; custom_button_two=&#8221;on&#8221; button_two_text_size=&#8221;18px&#8221; button_two_text_color=&#8221;#FFFFFF&#8221; button_two_bg_color=&#8221;#2e2659&#8243; button_two_border_color=&#8221;#2e2659&#8243; button_two_font=&#8221;|700||on|||||&#8221; button_two_use_icon=&#8221;off&#8221; custom_padding=&#8221;150px||150px||true|false&#8221; title_font_size_tablet=&#8221;28px&#8221; title_font_size_phone=&#8221;28px&#8221; title_font_size_last_edited=&#8221;on|desktop&#8221; title_text_shadow_style=&#8221;preset3&#8243; title_text_shadow_color=&#8221;#000000&#8243; content_text_shadow_style=&#8221;preset3&#8243; content_text_shadow_color=&#8221;#000000&#8243; global_colors_info=&#8221;{}&#8221; button_one_border_color__hover_enabled=&#8221;on|hover&#8221; button_one_border_color__hover=&#8221;#9ca5cd&#8221; button_one_bg_color__hover_enabled=&#8221;on|desktop&#8221; button_one_bg_color__hover=&#8221;#9ca5cd&#8221; button_one_bg_enable_color__hover=&#8221;on&#8221; button_one_text_color__hover_enabled=&#8221;off|hover&#8221; button_one_text_color__hover=&#8221;#FFFFFF&#8221; button_two_text_color__hover=&#8221;#FFFFFF&#8221; button_two_text_color__hover_enabled=&#8221;on|hover&#8221; button_two_bg_color__hover=&#8221;#9ca5cd&#8221; button_two_bg_color__hover_enabled=&#8221;on|desktop&#8221; button_two_border_color__hover=&#8221;#9ca5cd&#8221; button_two_border_color__hover_enabled=&#8221;on|hover&#8221; button_two_bg_enable_color__hover=&#8221;on&#8221;]<\/p>\n<p>Equipo de profesionales joven, eficiente y cercano. 15 a\u00f1os de experiencia a su servicio\u00a0con despachos en el Reino Unido y Espa\u00f1a que puede atenderle en ingl\u00e9s, ruso y espa\u00f1ol.<\/p>\n<p>[\/et_pb_fullwidth_header][\/et_pb_section]<\/p>\n","protected":false},"excerpt":{"rendered":"<p>Meet The Team S\u00c1NCHEZ LAWYERS ABOGADOS \u0410\u0414\u0412\u041e\u041a\u0410\u0422\u042b: Equipo de profesionales especializados, con una larga y exitosa carrera profesional al servicio de las necesidades concretas de cada cliente. enrique@sanchezlawyers.comAbogado independiente brit\u00e1nico y espa\u00f1ol que trabaja en el Reino Unido y Espa\u00f1a. Abogado en Espa\u00f1a (lo que equivale a solicitor en el Reino Unido) que practica la [&hellip;]<\/p>\n","protected":false},"author":1,"featured_media":0,"parent":0,"menu_order":0,"comment_status":"closed","ping_status":"closed","template":"","meta":{"_et_pb_use_builder":"on","_et_pb_old_content":"","_et_gb_content_width":"","footnotes":""},"class_list":["post-239032","page","type-page","status-publish","hentry"],"aioseo_notices":[],"_links":{"self":[{"href":"https:\/\/sanchezlawyers.com\/en\/wp-json\/wp\/v2\/pages\/239032","targetHints":{"allow":["GET"]}}],"collection":[{"href":"https:\/\/sanchezlawyers.com\/en\/wp-json\/wp\/v2\/pages"}],"about":[{"href":"https:\/\/sanchezlawyers.com\/en\/wp-json\/wp\/v2\/types\/page"}],"author":[{"embeddable":true,"href":"https:\/\/sanchezlawyers.com\/en\/wp-json\/wp\/v2\/users\/1"}],"replies":[{"embeddable":true,"href":"https:\/\/sanchezlawyers.com\/en\/wp-json\/wp\/v2\/comments?post=239032"}],"version-history":[{"count":0,"href":"https:\/\/sanchezlawyers.com\/en\/wp-json\/wp\/v2\/pages\/239032\/revisions"}],"wp:attachment":[{"href":"https:\/\/sanchezlawyers.com\/en\/wp-json\/wp\/v2\/media?parent=239032"}],"curies":[{"name":"wp","href":"https:\/\/api.w.org\/{rel}","templated":true}]}}