{"id":239046,"date":"2023-01-10T16:41:46","date_gmt":"2023-01-10T16:41:46","guid":{"rendered":"https:\/\/sanchezlawyers.com\/testamentos-sucesiones\/"},"modified":"2024-11-06T16:58:52","modified_gmt":"2024-11-06T16:58:52","slug":"testamentos-sucesiones","status":"publish","type":"page","link":"https:\/\/sanchezlawyers.com\/en\/testamentos-sucesiones\/","title":{"rendered":"Inheritance, Wills and Estates"},"content":{"rendered":"<p>[et_pb_section fb_built=&#8221;1&#8243; _builder_version=&#8221;4.26.0&#8243; _module_preset=&#8221;default&#8221; use_background_color_gradient=&#8221;on&#8221; background_color_gradient_direction=&#8221;40deg&#8221; background_color_gradient_stops=&#8221;rgba(64,64,64,0.45) 31%|rgba(24,26,63,0.6) 52%&#8221; background_color_gradient_overlays_image=&#8221;on&#8221; background_image=&#8221;https:\/\/sanchezlawyers.com\/wp-content\/uploads\/2024\/07\/titlebar.jpg&#8221; background_last_edited=&#8221;on|desktop&#8221; use_background_color_gradient_tablet=&#8221;on&#8221; use_background_color_gradient_phone=&#8221;on&#8221; background_color_gradient_direction_tablet=&#8221;55deg&#8221; background_color_gradient_direction_phone=&#8221;65deg&#8221; background_color_gradient_stops_tablet=&#8221;rgba(64,64,64,0.45) 40%|rgba(24,26,63,0.6) 60%&#8221; background_color_gradient_stops_phone=&#8221;rgba(64,64,64,0.45) 45%|rgba(24,26,63,0.6) 70%&#8221; locked=&#8221;off&#8221; global_colors_info=&#8221;{}&#8221;][et_pb_row column_structure=&#8221;3_5,2_5&#8243; _builder_version=&#8221;4.18.0&#8243; _module_preset=&#8221;default&#8221; global_colors_info=&#8221;{}&#8221;][et_pb_column type=&#8221;3_5&#8243; _builder_version=&#8221;4.18.0&#8243; _module_preset=&#8221;default&#8221; global_colors_info=&#8221;{}&#8221;][et_pb_text admin_label=&#8221;titlebar&#8221; _builder_version=&#8221;4.27.2&#8243; _module_preset=&#8221;default&#8221; header_font=&#8221;|700|||||||&#8221; header_font_size=&#8221;50px&#8221; header_letter_spacing=&#8221;1px&#8221; header_line_height=&#8221;1.3em&#8221; background_color=&#8221;rgba(255,255,255,0.1)&#8221; background_layout=&#8221;dark&#8221; custom_padding=&#8221;60px|30px|60px|30px|true|true&#8221; animation_style=&#8221;flip&#8221; animation_duration=&#8221;1500ms&#8221; animation_starting_opacity=&#8221;25%&#8221; hover_enabled=&#8221;0&#8243; header_font_size_tablet=&#8221;45px&#8221; header_font_size_phone=&#8221;35px&#8221; header_font_size_last_edited=&#8221;on|phone&#8221; header_text_shadow_style=&#8221;preset3&#8243; box_shadow_style=&#8221;preset3&#8243; box_shadow_horizontal=&#8221;30px&#8221; box_shadow_vertical=&#8221;50px&#8221; box_shadow_blur=&#8221;120px&#8221; global_colors_info=&#8221;{}&#8221; sticky_enabled=&#8221;0&#8243;]<\/p>\n<h1>Inheritance, Wills and Estates<\/h1>\n<p>[\/et_pb_text][\/et_pb_column][et_pb_column type=&#8221;2_5&#8243; _builder_version=&#8221;4.18.0&#8243; _module_preset=&#8221;default&#8221; global_colors_info=&#8221;{}&#8221;][\/et_pb_column][\/et_pb_row][\/et_pb_section][et_pb_section fb_built=&#8221;1&#8243; _builder_version=&#8221;4.19.4&#8243; _module_preset=&#8221;default&#8221; global_colors_info=&#8221;{}&#8221;][et_pb_row admin_label=&#8221;row&#8221; _builder_version=&#8221;4.16&#8243; background_size=&#8221;initial&#8221; background_position=&#8221;top_left&#8221; background_repeat=&#8221;repeat&#8221; locked=&#8221;off&#8221; global_colors_info=&#8221;{}&#8221;][et_pb_column type=&#8221;4_4&#8243; _builder_version=&#8221;4.16&#8243; custom_padding=&#8221;|||&#8221; global_colors_info=&#8221;{}&#8221; custom_padding__hover=&#8221;|||&#8221;][et_pb_text admin_label=&#8221;anuncio\/blockquote&#8221; _builder_version=&#8221;4.27.2&#8243; _module_preset=&#8221;default&#8221; header_2_line_height=&#8221;1.3em&#8221; header_3_line_height=&#8221;1.3em&#8221; header_4_line_height=&#8221;1.3em&#8221; header_5_line_height=&#8221;1.3em&#8221; text_orientation=&#8221;center&#8221; hover_enabled=&#8221;0&#8243; global_colors_info=&#8221;{}&#8221; sticky_enabled=&#8221;0&#8243;]<\/p>\n<blockquote>\n<h3><strong>S\u00c1NCHEZ LAWYERS ABOGADOS \u0410\u0414\u0412\u041e\u041a\u0410\u0422\u042b<\/strong>:<\/h3>\n<h4>Will and Inheritance, dealing with international estates<\/h4>\n<\/blockquote>\n<p>[\/et_pb_text][\/et_pb_column][\/et_pb_row][et_pb_row disabled_on=&#8221;on|on|on&#8221; admin_label=&#8221;row&#8221; _builder_version=&#8221;4.27.2&#8243; background_size=&#8221;initial&#8221; background_position=&#8221;top_left&#8221; background_repeat=&#8221;repeat&#8221; custom_padding=&#8221;||0px||false|false&#8221; locked=&#8221;off&#8221; global_colors_info=&#8221;{}&#8221;][et_pb_column type=&#8221;4_4&#8243; _builder_version=&#8221;4.16&#8243; custom_padding=&#8221;|||&#8221; global_colors_info=&#8221;{}&#8221; custom_padding__hover=&#8221;|||&#8221;][et_pb_text _builder_version=&#8221;4.27.0&#8243; _module_preset=&#8221;default&#8221; text_orientation=&#8221;justified&#8221; global_colors_info=&#8221;{}&#8221;]<\/p>\n<p>A menudo es muy conveniente para los ciudadanos del Reino Unido que poseen propiedades en Espa\u00f1a, tener un testamento espa\u00f1ol redactado y preparado para salvaguardar sus activos inmobiliarios en Espa\u00f1a.<\/p>\n<p><strong>Preparaci\u00f3n de testamentos espa\u00f1oles (tanto para residentes en Espa\u00f1a como en el Reino Unido).<\/strong><\/p>\n<p>En nuestra firma ver\u00e1 resueltas todas las cuestiones legales relativas a la redacci\u00f3n de su testamento de acuerdo a sus deseos y preparar testamentos espa\u00f1oles de acuerdo con la legislaci\u00f3n espa\u00f1ola vigente.<\/p>\n<ul>\n<li>Sucesiones y herencias (incluida la distribuci\u00f3n de fincas)<\/li>\n<li>Liquidaci\u00f3n de fincas espa\u00f1olas<\/li>\n<li>Impuestos de sucesi\u00f3n<\/li>\n<li>Establecimiento de poderes notariales<\/li>\n<\/ul>\n<p>[\/et_pb_text][\/et_pb_column][\/et_pb_row][et_pb_row column_structure=&#8221;1_4,1_2,1_4&#8243; _builder_version=&#8221;4.19.4&#8243; _module_preset=&#8221;default&#8221; locked=&#8221;off&#8221; global_colors_info=&#8221;{}&#8221;][et_pb_column type=&#8221;1_4&#8243; _builder_version=&#8221;4.19.4&#8243; _module_preset=&#8221;default&#8221; global_colors_info=&#8221;{}&#8221;][\/et_pb_column][et_pb_column type=&#8221;1_2&#8243; _builder_version=&#8221;4.19.4&#8243; _module_preset=&#8221;default&#8221; global_colors_info=&#8221;{}&#8221;][et_pb_image src=&#8221;https:\/\/sanchezlawyers.com\/wp-content\/uploads\/2024\/07\/testamentos-sucesiones.jpg&#8221; alt=&#8221;Testamentos y Sucesiones&#8221; title_text=&#8221;testamentos-sucesiones&#8221; align=&#8221;center&#8221; _builder_version=&#8221;4.27.0&#8243; _module_preset=&#8221;default&#8221; global_colors_info=&#8221;{}&#8221;][\/et_pb_image][\/et_pb_column][et_pb_column type=&#8221;1_4&#8243; _builder_version=&#8221;4.19.4&#8243; _module_preset=&#8221;default&#8221; global_colors_info=&#8221;{}&#8221;][\/et_pb_column][\/et_pb_row][\/et_pb_section][et_pb_section fb_built=&#8221;1&#8243; fullwidth=&#8221;on&#8221; disabled_on=&#8221;on|on|on&#8221; _builder_version=&#8221;4.26.1&#8243; _module_preset=&#8221;default&#8221; background_image=&#8221;https:\/\/sanchezlawyers.com\/wp-content\/uploads\/2024\/07\/banner.jpg&#8221; animation_style=&#8221;zoom&#8221; animation_duration=&#8221;2000ms&#8221; animation_delay=&#8221;500ms&#8221; locked=&#8221;off&#8221; global_colors_info=&#8221;{}&#8221;][et_pb_fullwidth_header title=&#8221;ENRIQUE S\u00c1NCHEZ ABOGADO LAWYER \u0410\u0414\u0412\u041e\u041a\u0410\u0422&#8221; text_orientation=&#8221;center&#8221; button_one_text=&#8221;Cita presencial&#8221; button_one_url=&#8221;https:\/\/sanchezlawyers.com\/contacto\/#presencial&#8221; button_two_text=&#8221;Cita online&#8221; button_two_url=&#8221;https:\/\/sanchezlawyers.com\/contacto\/#online&#8221; background_overlay_color=&#8221;rgba(24,26,63,0.6)&#8221; _builder_version=&#8221;4.27.0&#8243; _module_preset=&#8221;default&#8221; title_level=&#8221;h3&#8243; title_font=&#8221;|700|||||||&#8221; title_font_size=&#8221;32px&#8221; title_line_height=&#8221;1.3em&#8221; content_font_size=&#8221;22px&#8221; content_line_height=&#8221;1.3em&#8221; background_enable_color=&#8221;off&#8221; background_enable_image=&#8221;off&#8221; background_enable_video_mp4=&#8221;off&#8221; custom_button_one=&#8221;on&#8221; button_one_text_size=&#8221;18px&#8221; button_one_text_color=&#8221;#FFFFFF&#8221; button_one_bg_color=&#8221;#2e2659&#8243; button_one_border_color=&#8221;#2e2659&#8243; button_one_font=&#8221;|700||on|||||&#8221; button_one_use_icon=&#8221;off&#8221; custom_button_two=&#8221;on&#8221; button_two_text_size=&#8221;18px&#8221; button_two_text_color=&#8221;#FFFFFF&#8221; button_two_bg_color=&#8221;#2e2659&#8243; button_two_border_color=&#8221;#2e2659&#8243; button_two_font=&#8221;|700||on|||||&#8221; button_two_use_icon=&#8221;off&#8221; custom_padding=&#8221;150px||150px||true|false&#8221; title_font_size_tablet=&#8221;28px&#8221; title_font_size_phone=&#8221;28px&#8221; title_font_size_last_edited=&#8221;on|desktop&#8221; title_text_shadow_style=&#8221;preset3&#8243; title_text_shadow_color=&#8221;#000000&#8243; content_text_shadow_style=&#8221;preset3&#8243; content_text_shadow_color=&#8221;#000000&#8243; global_colors_info=&#8221;{}&#8221; button_one_border_color__hover_enabled=&#8221;on|hover&#8221; button_one_border_color__hover=&#8221;#9ca5cd&#8221; button_one_bg_color__hover_enabled=&#8221;on|desktop&#8221; button_one_bg_color__hover=&#8221;#9ca5cd&#8221; button_one_bg_enable_color__hover=&#8221;on&#8221; button_one_text_color__hover_enabled=&#8221;off|hover&#8221; button_one_text_color__hover=&#8221;#FFFFFF&#8221; button_two_text_color__hover=&#8221;#FFFFFF&#8221; button_two_text_color__hover_enabled=&#8221;on|hover&#8221; button_two_bg_color__hover=&#8221;#9ca5cd&#8221; button_two_bg_color__hover_enabled=&#8221;on|desktop&#8221; button_two_border_color__hover=&#8221;#9ca5cd&#8221; button_two_border_color__hover_enabled=&#8221;on|hover&#8221; button_two_bg_enable_color__hover=&#8221;on&#8221;]<\/p>\n<p>Equipo de profesionales joven, eficiente y cercano. 15 a\u00f1os de experiencia a su servicio\u00a0con despachos en el Reino Unido y Espa\u00f1a que puede atenderle en ingl\u00e9s, ruso y espa\u00f1ol.<\/p>\n<p>[\/et_pb_fullwidth_header][\/et_pb_section]<\/p>\n","protected":false},"excerpt":{"rendered":"<p>Inheritance, Wills and Estates S\u00c1NCHEZ LAWYERS ABOGADOS \u0410\u0414\u0412\u041e\u041a\u0410\u0422\u042b: Will and Inheritance, dealing with international estates A menudo es muy conveniente para los ciudadanos del Reino Unido que poseen propiedades en Espa\u00f1a, tener un testamento espa\u00f1ol redactado y preparado para salvaguardar sus activos inmobiliarios en Espa\u00f1a. Preparaci\u00f3n de testamentos espa\u00f1oles (tanto para residentes en Espa\u00f1a como [&hellip;]<\/p>\n","protected":false},"author":1,"featured_media":0,"parent":0,"menu_order":0,"comment_status":"closed","ping_status":"closed","template":"","meta":{"_et_pb_use_builder":"on","_et_pb_old_content":"","_et_gb_content_width":"","footnotes":""},"class_list":["post-239046","page","type-page","status-publish","hentry"],"aioseo_notices":[],"_links":{"self":[{"href":"https:\/\/sanchezlawyers.com\/en\/wp-json\/wp\/v2\/pages\/239046","targetHints":{"allow":["GET"]}}],"collection":[{"href":"https:\/\/sanchezlawyers.com\/en\/wp-json\/wp\/v2\/pages"}],"about":[{"href":"https:\/\/sanchezlawyers.com\/en\/wp-json\/wp\/v2\/types\/page"}],"author":[{"embeddable":true,"href":"https:\/\/sanchezlawyers.com\/en\/wp-json\/wp\/v2\/users\/1"}],"replies":[{"embeddable":true,"href":"https:\/\/sanchezlawyers.com\/en\/wp-json\/wp\/v2\/comments?post=239046"}],"version-history":[{"count":0,"href":"https:\/\/sanchezlawyers.com\/en\/wp-json\/wp\/v2\/pages\/239046\/revisions"}],"wp:attachment":[{"href":"https:\/\/sanchezlawyers.com\/en\/wp-json\/wp\/v2\/media?parent=239046"}],"curies":[{"name":"wp","href":"https:\/\/api.w.org\/{rel}","templated":true}]}}