{"id":239085,"date":"2023-01-10T16:41:13","date_gmt":"2023-01-10T16:41:13","guid":{"rendered":"https:\/\/sanchezlawyers.com\/equipo\/"},"modified":"2024-11-07T16:12:02","modified_gmt":"2024-11-07T16:12:02","slug":"equipo","status":"publish","type":"page","link":"https:\/\/sanchezlawyers.com\/ru\/equipo\/","title":{"rendered":"\u041d\u0430\u0448\u0430 \u043a\u043e\u043c\u0430\u043d\u0434\u0430"},"content":{"rendered":"<p>[et_pb_section fb_built=&#187;1&#8243; _builder_version=&#187;4.26.0&#8243; _module_preset=&#187;default&#187; use_background_color_gradient=&#187;on&#187; background_color_gradient_direction=&#187;40deg&#187; background_color_gradient_stops=&#187;rgba(64,64,64,0.45) 31%|rgba(24,26,63,0.6) 52%&#187; background_color_gradient_overlays_image=&#187;on&#187; background_image=&#187;https:\/\/sanchezlawyers.com\/wp-content\/uploads\/2024\/07\/titlebar.jpg&#187; background_last_edited=&#187;on|desktop&#187; use_background_color_gradient_tablet=&#187;on&#187; use_background_color_gradient_phone=&#187;on&#187; background_color_gradient_direction_tablet=&#187;55deg&#187; background_color_gradient_direction_phone=&#187;65deg&#187; background_color_gradient_stops_tablet=&#187;rgba(64,64,64,0.45) 40%|rgba(24,26,63,0.6) 60%&#187; background_color_gradient_stops_phone=&#187;rgba(64,64,64,0.45) 45%|rgba(24,26,63,0.6) 70%&#187; locked=&#187;off&#187; global_colors_info=&#187;{}&#187;][et_pb_row column_structure=&#187;3_5,2_5&#8243; _builder_version=&#187;4.18.0&#8243; _module_preset=&#187;default&#187; global_colors_info=&#187;{}&#187;][et_pb_column type=&#187;3_5&#8243; _builder_version=&#187;4.18.0&#8243; _module_preset=&#187;default&#187; global_colors_info=&#187;{}&#187;][et_pb_text admin_label=&#187;titlebar&#187; _builder_version=&#187;4.27.2&#8243; _module_preset=&#187;default&#187; header_font=&#187;|700|||||||&#187; header_font_size=&#187;50px&#187; header_letter_spacing=&#187;1px&#187; header_line_height=&#187;1.3em&#187; background_color=&#187;rgba(255,255,255,0.1)&#187; background_layout=&#187;dark&#187; custom_padding=&#187;60px|30px|60px|30px|true|true&#187; animation_style=&#187;flip&#187; animation_duration=&#187;1500ms&#187; animation_starting_opacity=&#187;25%&#187; header_font_size_tablet=&#187;45px&#187; header_font_size_phone=&#187;35px&#187; header_font_size_last_edited=&#187;on|phone&#187; header_text_shadow_style=&#187;preset3&#8243; box_shadow_style=&#187;preset3&#8243; box_shadow_horizontal=&#187;30px&#187; box_shadow_vertical=&#187;50px&#187; box_shadow_blur=&#187;120px&#187; global_colors_info=&#187;{}&#187;]<\/p>\n<h1>\u041d\u0430\u0448\u0430 \u043a\u043e\u043c\u0430\u043d\u0434\u0430<\/h1>\n<p>[\/et_pb_text][\/et_pb_column][et_pb_column type=&#187;2_5&#8243; _builder_version=&#187;4.18.0&#8243; _module_preset=&#187;default&#187; global_colors_info=&#187;{}&#187;][\/et_pb_column][\/et_pb_row][\/et_pb_section][et_pb_section fb_built=&#187;1&#8243; _builder_version=&#187;4.19.4&#8243; _module_preset=&#187;default&#187; width=&#187;100%&#187; global_colors_info=&#187;{}&#187;][et_pb_row admin_label=&#187;row&#187; _builder_version=&#187;4.16&#8243; background_size=&#187;initial&#187; background_position=&#187;top_left&#187; background_repeat=&#187;repeat&#187; locked=&#187;off&#187; global_colors_info=&#187;{}&#187;][et_pb_column type=&#187;4_4&#8243; _builder_version=&#187;4.16&#8243; custom_padding=&#187;|||&#187; global_colors_info=&#187;{}&#187; custom_padding__hover=&#187;|||&#187;][et_pb_text admin_label=&#187;anuncio\/blockquote&#187; _builder_version=&#187;4.27.2&#8243; _module_preset=&#187;default&#187; header_2_line_height=&#187;1.3em&#187; header_3_line_height=&#187;1.3em&#187; header_4_line_height=&#187;1.3em&#187; header_5_line_height=&#187;1.3em&#187; text_orientation=&#187;center&#187; global_colors_info=&#187;{}&#187;]<\/p>\n<blockquote>\n<h3><strong>S\u00c1NCHEZ LAWYERS ABOGADOS \u0410\u0414\u0412\u041e\u041a\u0410\u0422\u042b<\/strong>:<\/h3>\n<h4>\u041a\u043e\u043c\u0430\u043d\u0434\u0430 \u043a\u0432\u0430\u043b\u0438\u0444\u0438\u0446\u0438\u0440\u043e\u0432\u0430\u043d\u043d\u044b\u0445 \u0441\u043f\u0435\u0446\u0438\u0430\u043b\u0438\u0441\u0442\u043e\u0432 \u0441 \u0434\u043e\u043b\u0433\u043e\u0439 \u0438 \u0443\u0441\u043f\u0435\u0448\u043d\u043e\u0439 \u043a\u0430\u0440\u044c\u0435\u0440\u043e\u0439, \u043e\u0440\u0438\u0435\u043d\u0442\u0438\u0440\u043e\u0432\u0430\u043d\u043d\u0430\u044f \u043d\u0430 \u043a\u043e\u043d\u043a\u0440\u0435\u0442\u043d\u044b\u0435 \u043f\u043e\u0442\u0440\u0435\u0431\u043d\u043e\u0441\u0442\u0438 \u043a\u0430\u0436\u0434\u043e\u0433\u043e \u043a\u043b\u0438\u0435\u043d\u0442\u0430.<\/h4>\n<\/blockquote>\n<p>[\/et_pb_text][\/et_pb_column][\/et_pb_row][et_pb_row column_structure=&#187;1_2,1_2&#8243; _builder_version=&#187;4.27.0&#8243; _module_preset=&#187;default&#187; global_colors_info=&#187;{}&#187;][et_pb_column type=&#187;1_2&#8243; _builder_version=&#187;4.27.0&#8243; _module_preset=&#187;default&#187; global_colors_info=&#187;{}&#187;][et_pb_team_member name=&#187;Enrique S\u00e1nchez&#187; position=&#187;\u0410\u0414\u0412\u041e\u041a\u0410\u0422\u042b&#187; image_url=&#187;https:\/\/sanchezlawyers.com\/wp-content\/uploads\/2024\/09\/enrique-sanchez.jpg&#187; linkedin_url=&#187;https:\/\/www.linkedin.com\/in\/enrique-s%C3%A1nchez-g%C3%B3mez-9b036014\/&#187; _builder_version=&#187;4.27.2&#8243; _module_preset=&#187;default&#187; header_font=&#187;|700|||||||&#187; header_line_height=&#187;1.3em&#187; position_font=&#187;|600|||||||&#187; position_font_size=&#187;15px&#187; global_colors_info=&#187;{}&#187;]<\/p>\n<p><strong><a href=\"mailto:enrique@sanchezlawyers.com\">enrique@sanchezlawyers.com<\/a><\/strong><\/p>\n<p>[\/et_pb_team_member][et_pb_toggle title=&#187;M\u00e1s informaci\u00f3n&#187; open_toggle_text_color=&#187;#333333&#8243; closed_toggle_background_color=&#187;#9ca5cd&#187; icon_color=&#187;#2e2659&#8243; disabled_on=&#187;on|on|on&#187; _builder_version=&#187;4.27.2&#8243; _module_preset=&#187;default&#187; title_text_color=&#187;#FFFFFF&#187; title_font=&#187;|600|||||||&#187; border_width_all=&#187;3px&#187; border_color_all=&#187;#2e2659&#8243; disabled=&#187;on&#187; global_colors_info=&#187;{}&#187;]<\/p>\n<p>Abogado independiente brit\u00e1nico y espa\u00f1ol que trabaja en el Reino Unido y Espa\u00f1a. Abogado en Espa\u00f1a (lo que equivale a <em>solicitor<\/em> en el Reino Unido) que practica la abogac\u00eda desde sus oficinas tanto en Espa\u00f1a como en el Reino Unido.<\/p>\n<p>Ejerce su profesi\u00f3n como abogado en el Reino Unido y en todo el territorio espa\u00f1ol incluidas Las Islas Canarias y Las Islas Baleares en todos sus Juzgados. Ofrece servicios cualificados y altamente especializados colaborando de forma habitual y estrecha con el prestigioso abogado Pedro J. Padilla.<\/p>\n<p>Asimismo, ofrece el apoyo notarial necesario para evitar que los clientes tengan que desplazarse a Espa\u00f1a en persona o autorizar a un bufete de abogados para la gesti\u00f3n de las cuestiones legales requeridas.<\/p>\n<p>Tambi\u00e9n estoy registrado en la Asociaci\u00f3n de Derecho Ingl\u00e9s y Espa\u00f1ol.<\/p>\n<p>De forma previa ha sido C\u00f3nsul Honorario de Espa\u00f1a en Liverpool desde el 2011, siendo uno de los abogados recomendados por el Consulado General de Espa\u00f1a en Edimburgo y miembro del Ilustre Colegio de Abogados de Granada.<\/p>\n<p>Licenciado en Derecho por la Universidad de Navarra, (Pamplona) Espa\u00f1a en 1998. M\u00e1s tarde obtuvo en 2004 su Master en Urbanismo.<\/p>\n<p>Profesional con una gran experiencia en \u00e1mbitos como litigaci\u00f3n, urbanismo, sector inmobiliario, herencias y derecho comercial, entre otros.<\/p>\n<p>Ha actuado como abogado de la Asociaci\u00f3n de Arquitectos de Andaluc\u00eda durante m\u00e1s de cinco a\u00f1os. Aconsejo tanto a clientes ingleses como a clientes espa\u00f1oles en temas de inversiones, contratos, testamentos y poderes de representaci\u00f3n.<\/p>\n<p>Visita Espa\u00f1a con frecuencia para realizar diversas gestiones legales de parte de sus clientes ingleses y espa\u00f1oles pudiendo representarles ante los juzgados espa\u00f1oles si procede.<\/p>\n<p>Cree firmemente que la confianza es la clave de una buena relaci\u00f3n entre cliente y abogado y se esfuerzo para informar de los avances de cada caso asegurando de esta manera una respuesta r\u00e1pida y efectiva a sus necesidades.<\/p>\n<p>C\u00f3nsul de Espa\u00f1a en Liverpool y actualmente C\u00f3nsul Honorario de Espa\u00f1a en Lituania<\/p>\n<p>[\/et_pb_toggle][\/et_pb_column][et_pb_column type=&#187;1_2&#8243; _builder_version=&#187;4.27.0&#8243; _module_preset=&#187;default&#187; global_colors_info=&#187;{}&#187;][et_pb_team_member name=&#187;Pedro Jos\u00e9 Padilla&#187; position=&#187;\u0410\u0414\u0412\u041e\u041a\u0410\u0422\u042b&#187; image_url=&#187;https:\/\/sanchezlawyers.com\/wp-content\/uploads\/2024\/07\/pedro-padilla.jpg&#187; linkedin_url=&#187;#&#187; _builder_version=&#187;4.27.2&#8243; _module_preset=&#187;default&#187; header_font=&#187;|700|||||||&#187; header_line_height=&#187;1.3em&#187; position_font=&#187;|600|||||||&#187; position_font_size=&#187;15px&#187; global_colors_info=&#187;{}&#187;]<\/p>\n<p><a href=\"mailto:info@sanchezlawyers.com\"><strong>info@sanchezlawyers.com<\/strong><\/a><\/p>\n<p>[\/et_pb_team_member][et_pb_toggle title=&#187;\u0411\u043e\u043b\u044c\u0448\u0435 \u0438\u043d\u0444\u043e\u0440\u043c\u0430\u0446\u0438\u0438&#187; open_toggle_text_color=&#187;#333333&#8243; closed_toggle_background_color=&#187;#9ca5cd&#187; icon_color=&#187;#2e2659&#8243; _builder_version=&#187;4.27.2&#8243; _module_preset=&#187;default&#187; title_text_color=&#187;#FFFFFF&#187; title_font=&#187;|600|||||||&#187; hover_enabled=&#187;0&#8243; border_width_all=&#187;3px&#187; border_color_all=&#187;#2e2659&#8243; global_colors_info=&#187;{}&#187; sticky_enabled=&#187;0&#8243;]\u0410\u0434\u0432\u043e\u043a\u0430\u0442 \u0441 \u0431\u043e\u043b\u0435\u0435 \u0447\u0435\u043c 27-\u043b\u0435\u0442\u043d\u0438\u043c \u043e\u043f\u044b\u0442\u043e\u043c. \u0412\u044b\u0438\u0433\u0440\u0430\u043b \u0432\u0430\u0436\u043d\u044b\u0435 \u0434\u0435\u043b\u0430 \u0434\u043b\u044f \u043f\u0440\u0430\u043a\u0442\u0438\u043a\u0438.[\/et_pb_toggle][\/et_pb_column][\/et_pb_row][et_pb_row column_structure=&#187;1_2,1_2&#8243; _builder_version=&#187;4.27.0&#8243; _module_preset=&#187;default&#187; global_colors_info=&#187;{}&#187;][et_pb_column type=&#187;1_2&#8243; _builder_version=&#187;4.27.0&#8243; _module_preset=&#187;default&#187; global_colors_info=&#187;{}&#187;][et_pb_team_member name=&#187;Andrey Prokopenkov&#187; position=&#187;\u042e\u0440\u0438\u0441\u0442&#187; image_url=&#187;https:\/\/sanchezlawyers.com\/wp-content\/uploads\/2024\/09\/andrey-prokopenkov.jpg&#187; linkedin_url=&#187;http:\/\/www.linkedin.com\/in\/andrey-prokopenkov-serov-04692618a&#187; _builder_version=&#187;4.27.2&#8243; _module_preset=&#187;default&#187; header_font=&#187;|700|||||||&#187; header_line_height=&#187;1.3em&#187; position_font=&#187;|600|||||||&#187; position_font_size=&#187;15px&#187; global_colors_info=&#187;{}&#187;]<a href=\"mailto:info@sanchezlawyers.com\"><strong>info@sanchezlawyers.com<\/strong><\/a>[\/et_pb_team_member][et_pb_toggle title=&#187;\u0411\u043e\u043b\u044c\u0448\u0435 \u0438\u043d\u0444\u043e\u0440\u043c\u0430\u0446\u0438\u0438&#187; open_toggle_text_color=&#187;#333333&#8243; closed_toggle_background_color=&#187;#9ca5cd&#187; icon_color=&#187;#2e2659&#8243; _builder_version=&#187;4.27.2&#8243; _module_preset=&#187;default&#187; title_text_color=&#187;#FFFFFF&#187; title_font=&#187;|600|||||||&#187; hover_enabled=&#187;0&#8243; border_width_all=&#187;3px&#187; border_color_all=&#187;#2e2659&#8243; global_colors_info=&#187;{}&#187; sticky_enabled=&#187;0&#8243;]\u0420\u0443\u0441\u0441\u043a\u043e-\u0438\u0441\u043f\u0430\u043d\u0441\u043a\u0438\u0439 \u044e\u0440\u0438\u0441\u0442 (UNED) \u0441 \u043e\u043f\u044b\u0442\u043e\u043c \u0432 \u043e\u0431\u043b\u0430\u0441\u0442\u0438 \u043c\u0438\u0433\u0440\u0430\u0446\u0438\u043e\u043d\u043d\u043e\u0433\u043e \u043f\u0440\u0430\u0432\u0430, \u0432\u0437\u0430\u0438\u043c\u043e\u0434\u0435\u0439\u0441\u0442\u0432\u0438\u044f \u0441 \u0433\u043e\u0441\u0443\u0434\u0430\u0440\u0441\u0442\u0432\u0435\u043d\u043d\u044b\u043c\u0438 \u043e\u0440\u0433\u0430\u043d\u0430\u043c\u0438 \u0438 \u0441\u0442\u0440\u0430\u0445\u043e\u0432\u044b\u043c\u0438 \u043a\u043e\u043c\u043f\u0430\u043d\u0438\u044f\u043c\u0438.[\/et_pb_toggle][\/et_pb_column][et_pb_column type=&#187;1_2&#8243; _builder_version=&#187;4.27.0&#8243; _module_preset=&#187;default&#187; global_colors_info=&#187;{}&#187;][\/et_pb_column][\/et_pb_row][\/et_pb_section][et_pb_section fb_built=&#187;1&#8243; fullwidth=&#187;on&#187; disabled_on=&#187;on|on|on&#187; _builder_version=&#187;4.26.1&#8243; _module_preset=&#187;default&#187; background_image=&#187;https:\/\/sanchezlawyers.com\/wp-content\/uploads\/2024\/07\/banner.jpg&#187; animation_style=&#187;zoom&#187; animation_duration=&#187;2000ms&#187; animation_delay=&#187;500ms&#187; locked=&#187;off&#187; global_colors_info=&#187;{}&#187;][et_pb_fullwidth_header title=&#187;ENRIQUE S\u00c1NCHEZ ABOGADO LAWYER \u0410\u0414\u0412\u041e\u041a\u0410\u0422&#187; text_orientation=&#187;center&#187; button_one_text=&#187;Cita presencial&#187; button_one_url=&#187;https:\/\/sanchezlawyers.com\/contacto\/#presencial&#187; button_two_text=&#187;Cita online&#187; button_two_url=&#187;https:\/\/sanchezlawyers.com\/contacto\/#online&#187; background_overlay_color=&#187;rgba(24,26,63,0.6)&#187; _builder_version=&#187;4.27.0&#8243; _module_preset=&#187;default&#187; title_level=&#187;h3&#8243; title_font=&#187;|700|||||||&#187; title_font_size=&#187;32px&#187; title_line_height=&#187;1.3em&#187; content_font_size=&#187;22px&#187; content_line_height=&#187;1.3em&#187; background_enable_color=&#187;off&#187; background_enable_image=&#187;off&#187; background_enable_video_mp4=&#187;off&#187; custom_button_one=&#187;on&#187; button_one_text_size=&#187;18px&#187; button_one_text_color=&#187;#FFFFFF&#187; button_one_bg_color=&#187;#2e2659&#8243; button_one_border_color=&#187;#2e2659&#8243; button_one_font=&#187;|700||on|||||&#187; button_one_use_icon=&#187;off&#187; custom_button_two=&#187;on&#187; button_two_text_size=&#187;18px&#187; button_two_text_color=&#187;#FFFFFF&#187; button_two_bg_color=&#187;#2e2659&#8243; button_two_border_color=&#187;#2e2659&#8243; button_two_font=&#187;|700||on|||||&#187; button_two_use_icon=&#187;off&#187; custom_padding=&#187;150px||150px||true|false&#187; title_font_size_tablet=&#187;28px&#187; title_font_size_phone=&#187;28px&#187; title_font_size_last_edited=&#187;on|desktop&#187; title_text_shadow_style=&#187;preset3&#8243; title_text_shadow_color=&#187;#000000&#8243; content_text_shadow_style=&#187;preset3&#8243; content_text_shadow_color=&#187;#000000&#8243; global_colors_info=&#187;{}&#187; button_one_border_color__hover_enabled=&#187;on|hover&#187; button_one_border_color__hover=&#187;#9ca5cd&#187; button_one_bg_color__hover_enabled=&#187;on|desktop&#187; button_one_bg_color__hover=&#187;#9ca5cd&#187; button_one_bg_enable_color__hover=&#187;on&#187; button_one_text_color__hover_enabled=&#187;off|hover&#187; button_one_text_color__hover=&#187;#FFFFFF&#187; button_two_text_color__hover=&#187;#FFFFFF&#187; button_two_text_color__hover_enabled=&#187;on|hover&#187; button_two_bg_color__hover=&#187;#9ca5cd&#187; button_two_bg_color__hover_enabled=&#187;on|desktop&#187; button_two_border_color__hover=&#187;#9ca5cd&#187; button_two_border_color__hover_enabled=&#187;on|hover&#187; button_two_bg_enable_color__hover=&#187;on&#187;]<\/p>\n<p>Equipo de profesionales joven, eficiente y cercano. 15 a\u00f1os de experiencia a su servicio\u00a0con despachos en el Reino Unido y Espa\u00f1a que puede atenderle en ingl\u00e9s, ruso y espa\u00f1ol.<\/p>\n<p>[\/et_pb_fullwidth_header][\/et_pb_section]<\/p>\n","protected":false},"excerpt":{"rendered":"<p>\u041d\u0430\u0448\u0430 \u043a\u043e\u043c\u0430\u043d\u0434\u0430 S\u00c1NCHEZ LAWYERS ABOGADOS \u0410\u0414\u0412\u041e\u041a\u0410\u0422\u042b: \u041a\u043e\u043c\u0430\u043d\u0434\u0430 \u043a\u0432\u0430\u043b\u0438\u0444\u0438\u0446\u0438\u0440\u043e\u0432\u0430\u043d\u043d\u044b\u0445 \u0441\u043f\u0435\u0446\u0438\u0430\u043b\u0438\u0441\u0442\u043e\u0432 \u0441 \u0434\u043e\u043b\u0433\u043e\u0439 \u0438 \u0443\u0441\u043f\u0435\u0448\u043d\u043e\u0439 \u043a\u0430\u0440\u044c\u0435\u0440\u043e\u0439, \u043e\u0440\u0438\u0435\u043d\u0442\u0438\u0440\u043e\u0432\u0430\u043d\u043d\u0430\u044f \u043d\u0430 \u043a\u043e\u043d\u043a\u0440\u0435\u0442\u043d\u044b\u0435 \u043f\u043e\u0442\u0440\u0435\u0431\u043d\u043e\u0441\u0442\u0438 \u043a\u0430\u0436\u0434\u043e\u0433\u043e \u043a\u043b\u0438\u0435\u043d\u0442\u0430. enrique@sanchezlawyers.comAbogado independiente brit\u00e1nico y espa\u00f1ol que trabaja en el Reino Unido y Espa\u00f1a. Abogado en Espa\u00f1a (lo que equivale a solicitor en el Reino Unido) que practica la abogac\u00eda desde sus oficinas tanto en Espa\u00f1a [&hellip;]<\/p>\n","protected":false},"author":1,"featured_media":0,"parent":0,"menu_order":0,"comment_status":"closed","ping_status":"closed","template":"","meta":{"_et_pb_use_builder":"on","_et_pb_old_content":"","_et_gb_content_width":"","footnotes":""},"class_list":["post-239085","page","type-page","status-publish","hentry"],"aioseo_notices":[],"_links":{"self":[{"href":"https:\/\/sanchezlawyers.com\/ru\/wp-json\/wp\/v2\/pages\/239085","targetHints":{"allow":["GET"]}}],"collection":[{"href":"https:\/\/sanchezlawyers.com\/ru\/wp-json\/wp\/v2\/pages"}],"about":[{"href":"https:\/\/sanchezlawyers.com\/ru\/wp-json\/wp\/v2\/types\/page"}],"author":[{"embeddable":true,"href":"https:\/\/sanchezlawyers.com\/ru\/wp-json\/wp\/v2\/users\/1"}],"replies":[{"embeddable":true,"href":"https:\/\/sanchezlawyers.com\/ru\/wp-json\/wp\/v2\/comments?post=239085"}],"version-history":[{"count":0,"href":"https:\/\/sanchezlawyers.com\/ru\/wp-json\/wp\/v2\/pages\/239085\/revisions"}],"wp:attachment":[{"href":"https:\/\/sanchezlawyers.com\/ru\/wp-json\/wp\/v2\/media?parent=239085"}],"curies":[{"name":"wp","href":"https:\/\/api.w.org\/{rel}","templated":true}]}}