{"id":239117,"date":"2024-07-08T16:18:44","date_gmt":"2024-07-08T16:18:44","guid":{"rendered":"https:\/\/sanchezlawyers.com\/derecho-deportivo\/"},"modified":"2024-11-07T16:17:00","modified_gmt":"2024-11-07T16:17:00","slug":"derecho-deportivo","status":"publish","type":"page","link":"https:\/\/sanchezlawyers.com\/ru\/derecho-deportivo\/","title":{"rendered":"\u0421\u043f\u043e\u0440\u0442\u0438\u0432\u043d\u043e\u0435 \u043f\u0440\u0430\u0432\u043e"},"content":{"rendered":"<p>[et_pb_section fb_built=&#187;1&#8243; _builder_version=&#187;4.26.0&#8243; _module_preset=&#187;default&#187; use_background_color_gradient=&#187;on&#187; background_color_gradient_direction=&#187;40deg&#187; background_color_gradient_stops=&#187;rgba(64,64,64,0.45) 31%|rgba(24,26,63,0.6) 52%&#187; background_color_gradient_overlays_image=&#187;on&#187; background_image=&#187;https:\/\/sanchezlawyers.com\/wp-content\/uploads\/2024\/07\/titlebar.jpg&#187; background_last_edited=&#187;on|desktop&#187; use_background_color_gradient_tablet=&#187;on&#187; use_background_color_gradient_phone=&#187;on&#187; background_color_gradient_direction_tablet=&#187;55deg&#187; background_color_gradient_direction_phone=&#187;65deg&#187; background_color_gradient_stops_tablet=&#187;rgba(64,64,64,0.45) 40%|rgba(24,26,63,0.6) 60%&#187; background_color_gradient_stops_phone=&#187;rgba(64,64,64,0.45) 45%|rgba(24,26,63,0.6) 70%&#187; locked=&#187;off&#187; global_colors_info=&#187;{}&#187;][et_pb_row column_structure=&#187;3_5,2_5&#8243; _builder_version=&#187;4.18.0&#8243; _module_preset=&#187;default&#187; global_colors_info=&#187;{}&#187;][et_pb_column type=&#187;3_5&#8243; _builder_version=&#187;4.18.0&#8243; _module_preset=&#187;default&#187; global_colors_info=&#187;{}&#187;][et_pb_text admin_label=&#187;titlebar&#187; _builder_version=&#187;4.27.2&#8243; _module_preset=&#187;default&#187; header_font=&#187;|700|||||||&#187; header_font_size=&#187;50px&#187; header_letter_spacing=&#187;1px&#187; header_line_height=&#187;1.3em&#187; background_color=&#187;rgba(255,255,255,0.1)&#187; background_layout=&#187;dark&#187; custom_padding=&#187;60px|30px|60px|30px|true|true&#187; animation_style=&#187;flip&#187; animation_duration=&#187;1500ms&#187; animation_starting_opacity=&#187;25%&#187; hover_enabled=&#187;0&#8243; header_font_size_tablet=&#187;45px&#187; header_font_size_phone=&#187;35px&#187; header_font_size_last_edited=&#187;on|phone&#187; header_text_shadow_style=&#187;preset3&#8243; box_shadow_style=&#187;preset3&#8243; box_shadow_horizontal=&#187;30px&#187; box_shadow_vertical=&#187;50px&#187; box_shadow_blur=&#187;120px&#187; global_colors_info=&#187;{}&#187; sticky_enabled=&#187;0&#8243;]<\/p>\n<h1>\u0421\u043f\u043e\u0440\u0442\u0438\u0432\u043d\u043e\u0435 \u043f\u0440\u0430\u0432\u043e<\/h1>\n<p>[\/et_pb_text][\/et_pb_column][et_pb_column type=&#187;2_5&#8243; _builder_version=&#187;4.18.0&#8243; _module_preset=&#187;default&#187; global_colors_info=&#187;{}&#187;][\/et_pb_column][\/et_pb_row][\/et_pb_section][et_pb_section fb_built=&#187;1&#8243; _builder_version=&#187;4.19.4&#8243; _module_preset=&#187;default&#187; global_colors_info=&#187;{}&#187;][et_pb_row admin_label=&#187;row&#187; _builder_version=&#187;4.16&#8243; background_size=&#187;initial&#187; background_position=&#187;top_left&#187; background_repeat=&#187;repeat&#187; locked=&#187;off&#187; global_colors_info=&#187;{}&#187;][et_pb_column type=&#187;4_4&#8243; _builder_version=&#187;4.16&#8243; custom_padding=&#187;|||&#187; global_colors_info=&#187;{}&#187; custom_padding__hover=&#187;|||&#187;][et_pb_text admin_label=&#187;anuncio\/blockquote&#187; _builder_version=&#187;4.27.2&#8243; _module_preset=&#187;default&#187; header_2_line_height=&#187;1.3em&#187; header_3_line_height=&#187;1.3em&#187; header_4_line_height=&#187;1.3em&#187; header_5_line_height=&#187;1.3em&#187; text_orientation=&#187;center&#187; global_colors_info=&#187;{}&#187;]<\/p>\n<blockquote>\n<h3><strong>S\u00c1NCHEZ LAWYERS ABOGADOS \u0410\u0414\u0412\u041e\u041a\u0410\u0422\u042b<\/strong>:<\/h3>\n<h4>\u041f\u0440\u0435\u0434\u0441\u0442\u0430\u0432\u043b\u0435\u043d\u0438\u0435 \u0438\u043d\u0442\u0435\u0440\u0435\u0441\u043e\u0432 \u0441\u043f\u043e\u0440\u0442\u0441\u043c\u0435\u043d\u043e\u0432 \u0438 \u043f\u0435\u0440\u0435\u0433\u043e\u0432\u043e\u0440\u044b \u0441 \u043a\u043b\u0443\u0431\u0430\u043c\u0438.<\/h4>\n<\/blockquote>\n<p>[\/et_pb_text][\/et_pb_column][\/et_pb_row][et_pb_row disabled_on=&#187;on|on|on&#187; admin_label=&#187;row&#187; _builder_version=&#187;4.27.0&#8243; background_size=&#187;initial&#187; background_position=&#187;top_left&#187; background_repeat=&#187;repeat&#187; locked=&#187;off&#187; global_colors_info=&#187;{}&#187;][et_pb_column type=&#187;4_4&#8243; _builder_version=&#187;4.16&#8243; custom_padding=&#187;|||&#187; global_colors_info=&#187;{}&#187; custom_padding__hover=&#187;|||&#187;][et_pb_text _builder_version=&#187;4.27.2&#8243; _module_preset=&#187;default&#187; text_orientation=&#187;justified&#187; global_colors_info=&#187;{}&#187;]Como resultado de la creciente importancia comercial del f\u00fatbol espa\u00f1ol, se ha establecido un \u00e1rea jur\u00eddica diversa e importante. Los miembros de <strong>S\u00c1NCHEZ LAWYERS ABOGADOS \u0410\u0414\u0412\u041e\u041a\u0410\u0422\u042b<\/strong> han trabajado para personalidades del f\u00fatbol, entidades deportivas e intereses comerciales asociados al f\u00fatbol.<\/p>\n<p>Trabajamos empleando todos nuestros conocimientos en la materia y aplicando nuestra experiencia en la defensa de la reputaci\u00f3n y la protecci\u00f3n de la privacidad de las personalidades del deporte.<\/p>\n<p>Los miembros de nuestra firma han actuado habitualmente en negocios de alto perfil en relaci\u00f3n con deportistas en estos campos del derecho.<\/p>\n<p><strong>Representaci\u00f3n de deportistas y negociaciones con clubes.<\/strong>[\/et_pb_text][\/et_pb_column][\/et_pb_row][et_pb_row column_structure=&#187;1_4,1_2,1_4&#8243; _builder_version=&#187;4.19.4&#8243; _module_preset=&#187;default&#187; locked=&#187;off&#187; global_colors_info=&#187;{}&#187;][et_pb_column type=&#187;1_4&#8243; _builder_version=&#187;4.19.4&#8243; _module_preset=&#187;default&#187; global_colors_info=&#187;{}&#187;][\/et_pb_column][et_pb_column type=&#187;1_2&#8243; _builder_version=&#187;4.19.4&#8243; _module_preset=&#187;default&#187; global_colors_info=&#187;{}&#187;][et_pb_image src=&#187;https:\/\/sanchezlawyers.com\/wp-content\/uploads\/2024\/07\/derecho-deportivo-luis-suarez-obras-arte.jpg&#187; alt=&#187;Derecho Deportivo&#187; title_text=&#187;derecho-deportivo-luis-suarez-obras-arte&#187; align=&#187;center&#187; _builder_version=&#187;4.27.0&#8243; _module_preset=&#187;default&#187; global_colors_info=&#187;{}&#187;][\/et_pb_image][\/et_pb_column][et_pb_column type=&#187;1_4&#8243; _builder_version=&#187;4.19.4&#8243; _module_preset=&#187;default&#187; global_colors_info=&#187;{}&#187;][\/et_pb_column][\/et_pb_row][et_pb_row disabled_on=&#187;on|on|on&#187; admin_label=&#187;row&#187; _builder_version=&#187;4.27.0&#8243; background_size=&#187;initial&#187; background_position=&#187;top_left&#187; background_repeat=&#187;repeat&#187; locked=&#187;off&#187; global_colors_info=&#187;{}&#187;][et_pb_column type=&#187;4_4&#8243; _builder_version=&#187;4.16&#8243; custom_padding=&#187;|||&#187; global_colors_info=&#187;{}&#187; custom_padding__hover=&#187;|||&#187;][et_pb_text _builder_version=&#187;4.27.0&#8243; _module_preset=&#187;default&#187; text_orientation=&#187;justified&#187; global_colors_info=&#187;{}&#187;]<\/p>\n<p><strong>Obras de arte con Luis Su\u00e1rez y otros futbolistas de primer nivel <\/strong><\/p>\n<p>Como parte de la colaboraci\u00f3n con Phil Disley, uno de los ilustradores m\u00e1s importantes de Gran Breta\u00f1a y el delantero Luis Su\u00e1rez del Liverpool FC, jugador del a\u00f1o de la PFA e internacional uruguayo, tengo el placer de vincular la obra de arte resultante \u00abEl Pistolero\u00bb. Puede encontrar m\u00e1s informaci\u00f3n en <span><a href=\"http:\/\/www.footballerfootprints.com\">www.footballerfootprints.com<\/a><\/span><\/p>\n<p>[\/et_pb_text][\/et_pb_column][\/et_pb_row][\/et_pb_section][et_pb_section fb_built=&#187;1&#8243; fullwidth=&#187;on&#187; disabled_on=&#187;on|on|on&#187; _builder_version=&#187;4.26.1&#8243; _module_preset=&#187;default&#187; background_image=&#187;https:\/\/sanchezlawyers.com\/wp-content\/uploads\/2024\/07\/banner.jpg&#187; animation_style=&#187;zoom&#187; animation_duration=&#187;2000ms&#187; animation_delay=&#187;500ms&#187; locked=&#187;off&#187; global_colors_info=&#187;{}&#187;][et_pb_fullwidth_header title=&#187;ENRIQUE S\u00c1NCHEZ ABOGADO LAWYER \u0410\u0414\u0412\u041e\u041a\u0410\u0422&#187; text_orientation=&#187;center&#187; button_one_text=&#187;Cita presencial&#187; button_one_url=&#187;https:\/\/sanchezlawyers.com\/contacto\/#presencial&#187; button_two_text=&#187;Cita online&#187; button_two_url=&#187;https:\/\/sanchezlawyers.com\/contacto\/#online&#187; background_overlay_color=&#187;rgba(24,26,63,0.6)&#187; _builder_version=&#187;4.27.0&#8243; _module_preset=&#187;default&#187; title_level=&#187;h3&#8243; title_font=&#187;|700|||||||&#187; title_font_size=&#187;32px&#187; title_line_height=&#187;1.3em&#187; content_font_size=&#187;22px&#187; content_line_height=&#187;1.3em&#187; background_enable_color=&#187;off&#187; background_enable_image=&#187;off&#187; background_enable_video_mp4=&#187;off&#187; custom_button_one=&#187;on&#187; button_one_text_size=&#187;18px&#187; button_one_text_color=&#187;#FFFFFF&#187; button_one_bg_color=&#187;#2e2659&#8243; button_one_border_color=&#187;#2e2659&#8243; button_one_font=&#187;|700||on|||||&#187; button_one_use_icon=&#187;off&#187; custom_button_two=&#187;on&#187; button_two_text_size=&#187;18px&#187; button_two_text_color=&#187;#FFFFFF&#187; button_two_bg_color=&#187;#2e2659&#8243; button_two_border_color=&#187;#2e2659&#8243; button_two_font=&#187;|700||on|||||&#187; button_two_use_icon=&#187;off&#187; custom_padding=&#187;150px||150px||true|false&#187; title_font_size_tablet=&#187;28px&#187; title_font_size_phone=&#187;28px&#187; title_font_size_last_edited=&#187;on|desktop&#187; title_text_shadow_style=&#187;preset3&#8243; title_text_shadow_color=&#187;#000000&#8243; content_text_shadow_style=&#187;preset3&#8243; content_text_shadow_color=&#187;#000000&#8243; global_colors_info=&#187;{}&#187; button_one_border_color__hover_enabled=&#187;on|hover&#187; button_one_border_color__hover=&#187;#9ca5cd&#187; button_one_bg_color__hover_enabled=&#187;on|desktop&#187; button_one_bg_color__hover=&#187;#9ca5cd&#187; button_one_bg_enable_color__hover=&#187;on&#187; button_one_text_color__hover_enabled=&#187;off|hover&#187; button_one_text_color__hover=&#187;#FFFFFF&#187; button_two_text_color__hover=&#187;#FFFFFF&#187; button_two_text_color__hover_enabled=&#187;on|hover&#187; button_two_bg_color__hover=&#187;#9ca5cd&#187; button_two_bg_color__hover_enabled=&#187;on|desktop&#187; button_two_border_color__hover=&#187;#9ca5cd&#187; button_two_border_color__hover_enabled=&#187;on|hover&#187; button_two_bg_enable_color__hover=&#187;on&#187;]<\/p>\n<p>Equipo de profesionales joven, eficiente y cercano. 15 a\u00f1os de experiencia a su servicio\u00a0con despachos en el Reino Unido y Espa\u00f1a que puede atenderle en ingl\u00e9s, ruso y espa\u00f1ol.<\/p>\n<p>[\/et_pb_fullwidth_header][\/et_pb_section]<\/p>\n","protected":false},"excerpt":{"rendered":"<p>\u0421\u043f\u043e\u0440\u0442\u0438\u0432\u043d\u043e\u0435 \u043f\u0440\u0430\u0432\u043e S\u00c1NCHEZ LAWYERS ABOGADOS \u0410\u0414\u0412\u041e\u041a\u0410\u0422\u042b: \u041f\u0440\u0435\u0434\u0441\u0442\u0430\u0432\u043b\u0435\u043d\u0438\u0435 \u0438\u043d\u0442\u0435\u0440\u0435\u0441\u043e\u0432 \u0441\u043f\u043e\u0440\u0442\u0441\u043c\u0435\u043d\u043e\u0432 \u0438 \u043f\u0435\u0440\u0435\u0433\u043e\u0432\u043e\u0440\u044b \u0441 \u043a\u043b\u0443\u0431\u0430\u043c\u0438. Como resultado de la creciente importancia comercial del f\u00fatbol espa\u00f1ol, se ha establecido un \u00e1rea jur\u00eddica diversa e importante. Los miembros de S\u00c1NCHEZ LAWYERS ABOGADOS \u0410\u0414\u0412\u041e\u041a\u0410\u0422\u042b han trabajado para personalidades del f\u00fatbol, entidades deportivas e intereses comerciales asociados al f\u00fatbol. Trabajamos empleando [&hellip;]<\/p>\n","protected":false},"author":1,"featured_media":0,"parent":0,"menu_order":0,"comment_status":"closed","ping_status":"closed","template":"","meta":{"_et_pb_use_builder":"on","_et_pb_old_content":"","_et_gb_content_width":"","footnotes":""},"class_list":["post-239117","page","type-page","status-publish","hentry"],"aioseo_notices":[],"_links":{"self":[{"href":"https:\/\/sanchezlawyers.com\/ru\/wp-json\/wp\/v2\/pages\/239117","targetHints":{"allow":["GET"]}}],"collection":[{"href":"https:\/\/sanchezlawyers.com\/ru\/wp-json\/wp\/v2\/pages"}],"about":[{"href":"https:\/\/sanchezlawyers.com\/ru\/wp-json\/wp\/v2\/types\/page"}],"author":[{"embeddable":true,"href":"https:\/\/sanchezlawyers.com\/ru\/wp-json\/wp\/v2\/users\/1"}],"replies":[{"embeddable":true,"href":"https:\/\/sanchezlawyers.com\/ru\/wp-json\/wp\/v2\/comments?post=239117"}],"version-history":[{"count":0,"href":"https:\/\/sanchezlawyers.com\/ru\/wp-json\/wp\/v2\/pages\/239117\/revisions"}],"wp:attachment":[{"href":"https:\/\/sanchezlawyers.com\/ru\/wp-json\/wp\/v2\/media?parent=239117"}],"curies":[{"name":"wp","href":"https:\/\/api.w.org\/{rel}","templated":true}]}}